{"id":128,"date":"2023-10-04T18:43:42","date_gmt":"2023-10-04T18:43:42","guid":{"rendered":"https:\/\/amazingpaws.dk\/?page_id=128"},"modified":"2025-04-22T19:11:14","modified_gmt":"2025-04-22T19:11:14","slug":"nyheder","status":"publish","type":"page","link":"https:\/\/amazingpaws.dk\/?page_id=128","title":{"rendered":"Nyheder"},"content":{"rendered":"\n<div class=\"wp-block-media-text is-stacked-on-mobile\"><figure class=\"wp-block-media-text__media\"><img loading=\"lazy\" decoding=\"async\" width=\"1024\" height=\"683\" src=\"https:\/\/amazingpaws.dk\/wp-content\/uploads\/2023\/10\/HXKI3637-1-1024x683.jpeg\" alt=\"\" class=\"wp-image-132 size-full\" srcset=\"https:\/\/amazingpaws.dk\/wp-content\/uploads\/2023\/10\/HXKI3637-1-1024x683.jpeg 1024w, https:\/\/amazingpaws.dk\/wp-content\/uploads\/2023\/10\/HXKI3637-1-300x200.jpeg 300w, https:\/\/amazingpaws.dk\/wp-content\/uploads\/2023\/10\/HXKI3637-1-768x512.jpeg 768w, https:\/\/amazingpaws.dk\/wp-content\/uploads\/2023\/10\/HXKI3637-1-1536x1024.jpeg 1536w, https:\/\/amazingpaws.dk\/wp-content\/uploads\/2023\/10\/HXKI3637-1-2048x1365.jpeg 2048w, https:\/\/amazingpaws.dk\/wp-content\/uploads\/2023\/10\/HXKI3637-1-1568x1045.jpeg 1568w\" sizes=\"auto, (max-width: 1024px) 100vw, 1024px\" \/><\/figure><div class=\"wp-block-media-text__content\">\n<p>Vi har desv\u00e6rre sige farvel til smukke og dejlige Pepsi. Hun havde f\u00e5et en tumor p\u00e5 milten.<\/p>\n<\/div><\/div>\n\n\n\n<div class=\"wp-block-media-text is-stacked-on-mobile\"><figure class=\"wp-block-media-text__media\"><img loading=\"lazy\" decoding=\"async\" width=\"802\" height=\"1024\" src=\"https:\/\/amazingpaws.dk\/wp-content\/uploads\/2023\/10\/sisse-hovede-802x1024.jpg\" alt=\"\" class=\"wp-image-133 size-full\" srcset=\"https:\/\/amazingpaws.dk\/wp-content\/uploads\/2023\/10\/sisse-hovede-802x1024.jpg 802w, https:\/\/amazingpaws.dk\/wp-content\/uploads\/2023\/10\/sisse-hovede-235x300.jpg 235w, https:\/\/amazingpaws.dk\/wp-content\/uploads\/2023\/10\/sisse-hovede-768x980.jpg 768w, https:\/\/amazingpaws.dk\/wp-content\/uploads\/2023\/10\/sisse-hovede.jpg 1003w\" sizes=\"auto, (max-width: 802px) 100vw, 802px\" \/><\/figure><div class=\"wp-block-media-text__content\">\n<p>Sisse er flyttet ind, hun er et barnebarn til Pepsi opdr\u00e6ttet af Anette Sofie.<\/p>\n<\/div><\/div>\n\n\n\n<div class=\"wp-block-media-text is-stacked-on-mobile\"><figure class=\"wp-block-media-text__media\"><img loading=\"lazy\" decoding=\"async\" width=\"899\" height=\"1024\" src=\"https:\/\/amazingpaws.dk\/wp-content\/uploads\/2023\/10\/IMG_E3954-899x1024.jpg\" alt=\"\" class=\"wp-image-134 size-full\" srcset=\"https:\/\/amazingpaws.dk\/wp-content\/uploads\/2023\/10\/IMG_E3954-899x1024.jpg 899w, https:\/\/amazingpaws.dk\/wp-content\/uploads\/2023\/10\/IMG_E3954-263x300.jpg 263w, https:\/\/amazingpaws.dk\/wp-content\/uploads\/2023\/10\/IMG_E3954-768x874.jpg 768w, https:\/\/amazingpaws.dk\/wp-content\/uploads\/2023\/10\/IMG_E3954.jpg 938w\" sizes=\"auto, (max-width: 899px) 100vw, 899px\" \/><\/figure><div class=\"wp-block-media-text__content\">\n<p>Lejreg\u00e5rds Dancer in th Dark  aka Kelly er parret med Fest C\u00b4Mon Gorgeous aka Max og vi venter hvalpe til november 2023. <\/p>\n<\/div><\/div>\n\n\n\n<figure class=\"wp-block-gallery has-nested-images columns-default is-cropped wp-block-gallery-1 is-layout-flex wp-block-gallery-is-layout-flex\">\n<figure class=\"wp-block-image size-large\"><img loading=\"lazy\" decoding=\"async\" width=\"768\" height=\"1024\" data-id=\"176\" src=\"https:\/\/amazingpaws.dk\/wp-content\/uploads\/2023\/11\/thumbnail_IMG_5004-1-768x1024.jpg\" alt=\"\" class=\"wp-image-176\" srcset=\"https:\/\/amazingpaws.dk\/wp-content\/uploads\/2023\/11\/thumbnail_IMG_5004-1-768x1024.jpg 768w, https:\/\/amazingpaws.dk\/wp-content\/uploads\/2023\/11\/thumbnail_IMG_5004-1-225x300.jpg 225w, https:\/\/amazingpaws.dk\/wp-content\/uploads\/2023\/11\/thumbnail_IMG_5004-1-1152x1536.jpg 1152w, https:\/\/amazingpaws.dk\/wp-content\/uploads\/2023\/11\/thumbnail_IMG_5004-1.jpg 1440w\" sizes=\"auto, (max-width: 768px) 100vw, 768px\" \/><figcaption class=\"wp-element-caption\">Den stolte mor med H-kuldet.<\/figcaption><\/figure>\n\n\n\n<figure class=\"wp-block-image size-large\"><img loading=\"lazy\" decoding=\"async\" width=\"768\" height=\"1024\" data-id=\"175\" src=\"https:\/\/amazingpaws.dk\/wp-content\/uploads\/2023\/11\/thumbnail_IMG_5007-1-768x1024.jpg\" alt=\"\" class=\"wp-image-175\" srcset=\"https:\/\/amazingpaws.dk\/wp-content\/uploads\/2023\/11\/thumbnail_IMG_5007-1-768x1024.jpg 768w, https:\/\/amazingpaws.dk\/wp-content\/uploads\/2023\/11\/thumbnail_IMG_5007-1-225x300.jpg 225w, https:\/\/amazingpaws.dk\/wp-content\/uploads\/2023\/11\/thumbnail_IMG_5007-1-1152x1536.jpg 1152w, https:\/\/amazingpaws.dk\/wp-content\/uploads\/2023\/11\/thumbnail_IMG_5007-1.jpg 1440w\" sizes=\"auto, (max-width: 768px) 100vw, 768px\" \/><figcaption class=\"wp-element-caption\">De 5 t\u00f8ser.<\/figcaption><\/figure>\n<\/figure>\n\n\n\n<p>H-kuldet kom ved kejsersnit s\u00f8ndag 5\/11, der var 7 hvalpe, men vi fik kun de 5 t\u00f8ser med hjem. Men Kelly er en kanon mor og nyder sine hvalpe. Se mere under hvalpe\/H kuldet.<\/p>\n\n\n\n<figure class=\"wp-block-gallery has-nested-images columns-default is-cropped wp-block-gallery-2 is-layout-flex wp-block-gallery-is-layout-flex\">\n<figure class=\"wp-block-image size-large\"><img loading=\"lazy\" decoding=\"async\" width=\"973\" height=\"1024\" data-id=\"387\" src=\"https:\/\/amazingpaws.dk\/wp-content\/uploads\/2024\/09\/Hailey-Scarlett-973x1024.jpg\" alt=\"\" class=\"wp-image-387\" srcset=\"https:\/\/amazingpaws.dk\/wp-content\/uploads\/2024\/09\/Hailey-Scarlett-973x1024.jpg 973w, https:\/\/amazingpaws.dk\/wp-content\/uploads\/2024\/09\/Hailey-Scarlett-285x300.jpg 285w, https:\/\/amazingpaws.dk\/wp-content\/uploads\/2024\/09\/Hailey-Scarlett-768x808.jpg 768w, https:\/\/amazingpaws.dk\/wp-content\/uploads\/2024\/09\/Hailey-Scarlett.jpg 1334w\" sizes=\"auto, (max-width: 973px) 100vw, 973px\" \/><\/figure>\n\n\n\n<figure class=\"wp-block-image size-large\"><img loading=\"lazy\" decoding=\"async\" width=\"988\" height=\"1024\" data-id=\"386\" src=\"https:\/\/amazingpaws.dk\/wp-content\/uploads\/2024\/09\/Havanna-988x1024.jpg\" alt=\"\" class=\"wp-image-386\" srcset=\"https:\/\/amazingpaws.dk\/wp-content\/uploads\/2024\/09\/Havanna-988x1024.jpg 988w, https:\/\/amazingpaws.dk\/wp-content\/uploads\/2024\/09\/Havanna-289x300.jpg 289w, https:\/\/amazingpaws.dk\/wp-content\/uploads\/2024\/09\/Havanna-768x796.jpg 768w, https:\/\/amazingpaws.dk\/wp-content\/uploads\/2024\/09\/Havanna.jpg 1385w\" sizes=\"auto, (max-width: 988px) 100vw, 988px\" \/><\/figure>\n\n\n\n<figure class=\"wp-block-image size-large\"><img loading=\"lazy\" decoding=\"async\" width=\"250\" height=\"330\" data-id=\"384\" src=\"https:\/\/amazingpaws.dk\/wp-content\/uploads\/2024\/09\/Hazel.jpg\" alt=\"\" class=\"wp-image-384\" srcset=\"https:\/\/amazingpaws.dk\/wp-content\/uploads\/2024\/09\/Hazel.jpg 250w, https:\/\/amazingpaws.dk\/wp-content\/uploads\/2024\/09\/Hazel-227x300.jpg 227w\" sizes=\"auto, (max-width: 250px) 100vw, 250px\" \/><\/figure>\n\n\n\n<figure class=\"wp-block-image size-large\"><img loading=\"lazy\" decoding=\"async\" width=\"250\" height=\"308\" data-id=\"385\" src=\"https:\/\/amazingpaws.dk\/wp-content\/uploads\/2024\/09\/Holly.jpg\" alt=\"\" class=\"wp-image-385\" srcset=\"https:\/\/amazingpaws.dk\/wp-content\/uploads\/2024\/09\/Holly.jpg 250w, https:\/\/amazingpaws.dk\/wp-content\/uploads\/2024\/09\/Holly-244x300.jpg 244w\" sizes=\"auto, (max-width: 250px) 100vw, 250px\" \/><\/figure>\n\n\n\n<figure class=\"wp-block-image size-large\"><img loading=\"lazy\" decoding=\"async\" width=\"864\" height=\"1024\" data-id=\"388\" src=\"https:\/\/amazingpaws.dk\/wp-content\/uploads\/2024\/09\/Honey-Ellie-864x1024.jpg\" alt=\"\" class=\"wp-image-388\" srcset=\"https:\/\/amazingpaws.dk\/wp-content\/uploads\/2024\/09\/Honey-Ellie-864x1024.jpg 864w, https:\/\/amazingpaws.dk\/wp-content\/uploads\/2024\/09\/Honey-Ellie-253x300.jpg 253w, https:\/\/amazingpaws.dk\/wp-content\/uploads\/2024\/09\/Honey-Ellie-768x910.jpg 768w, https:\/\/amazingpaws.dk\/wp-content\/uploads\/2024\/09\/Honey-Ellie-1296x1536.jpg 1296w, https:\/\/amazingpaws.dk\/wp-content\/uploads\/2024\/09\/Honey-Ellie.jpg 1510w\" sizes=\"auto, (max-width: 864px) 100vw, 864px\" \/><\/figure>\n<\/figure>\n\n\n\n<div class=\"wp-block-media-text is-stacked-on-mobile\"><figure class=\"wp-block-media-text__media\"><img loading=\"lazy\" decoding=\"async\" width=\"1024\" height=\"679\" src=\"https:\/\/amazingpaws.dk\/wp-content\/uploads\/2024\/03\/DSC_0136-1024x679-1.jpg\" alt=\"\" class=\"wp-image-263 size-full\" srcset=\"https:\/\/amazingpaws.dk\/wp-content\/uploads\/2024\/03\/DSC_0136-1024x679-1.jpg 1024w, https:\/\/amazingpaws.dk\/wp-content\/uploads\/2024\/03\/DSC_0136-1024x679-1-300x199.jpg 300w, https:\/\/amazingpaws.dk\/wp-content\/uploads\/2024\/03\/DSC_0136-1024x679-1-768x509.jpg 768w\" sizes=\"auto, (max-width: 1024px) 100vw, 1024px\" \/><\/figure><div class=\"wp-block-media-text__content\">\n<p>Sidst i januar 2024 har Sisse og jeg har v\u00e6ret p\u00e5 bes\u00f8g i Tyskland og parre med denne flotte fyr <\/p>\n\n\n\n<p>Multi champion. Daredevil\u00b4s Hunting for Compliments from Staken aka Foster.<\/p>\n\n\n\n<p><\/p>\n<\/div><\/div>\n\n\n\n<div class=\"wp-block-media-text is-stacked-on-mobile\"><figure class=\"wp-block-media-text__media\"><img loading=\"lazy\" decoding=\"async\" width=\"612\" height=\"408\" src=\"https:\/\/amazingpaws.dk\/wp-content\/uploads\/2024\/04\/faerdig-foster-og-sisse.jpg\" alt=\"\" class=\"wp-image-294 size-full\" srcset=\"https:\/\/amazingpaws.dk\/wp-content\/uploads\/2024\/04\/faerdig-foster-og-sisse.jpg 612w, https:\/\/amazingpaws.dk\/wp-content\/uploads\/2024\/04\/faerdig-foster-og-sisse-300x200.jpg 300w\" sizes=\"auto, (max-width: 612px) 100vw, 612px\" \/><\/figure><div class=\"wp-block-media-text__content\">\n<p>S\u00e5 er I kuldet kommet til verden. Sisse f\u00f8dte 5 hvalpe, 1 t\u00e6ve og 4 hanner 28\/3-2024<\/p>\n<\/div><\/div>\n\n\n\n<figure class=\"wp-block-gallery has-nested-images columns-default is-cropped wp-block-gallery-3 is-layout-flex wp-block-gallery-is-layout-flex\">\n<figure class=\"wp-block-image size-large\"><img loading=\"lazy\" decoding=\"async\" width=\"1024\" height=\"747\" data-id=\"296\" src=\"https:\/\/amazingpaws.dk\/wp-content\/uploads\/2024\/04\/thumbnail_IMG_6202-1024x747.jpg\" alt=\"\" class=\"wp-image-296\" srcset=\"https:\/\/amazingpaws.dk\/wp-content\/uploads\/2024\/04\/thumbnail_IMG_6202-1024x747.jpg 1024w, https:\/\/amazingpaws.dk\/wp-content\/uploads\/2024\/04\/thumbnail_IMG_6202-300x219.jpg 300w, https:\/\/amazingpaws.dk\/wp-content\/uploads\/2024\/04\/thumbnail_IMG_6202-768x561.jpg 768w, https:\/\/amazingpaws.dk\/wp-content\/uploads\/2024\/04\/thumbnail_IMG_6202.jpg 1366w\" sizes=\"auto, (max-width: 1024px) 100vw, 1024px\" \/><\/figure>\n<\/figure>\n\n\n\n<div class=\"wp-block-media-text is-stacked-on-mobile\"><figure class=\"wp-block-media-text__media\"><img loading=\"lazy\" decoding=\"async\" width=\"1024\" height=\"671\" src=\"https:\/\/amazingpaws.dk\/wp-content\/uploads\/2024\/09\/thumbnail_IMG_7061-1024x671.jpg\" alt=\"\" class=\"wp-image-372 size-full\" srcset=\"https:\/\/amazingpaws.dk\/wp-content\/uploads\/2024\/09\/thumbnail_IMG_7061-1024x671.jpg 1024w, https:\/\/amazingpaws.dk\/wp-content\/uploads\/2024\/09\/thumbnail_IMG_7061-300x197.jpg 300w, https:\/\/amazingpaws.dk\/wp-content\/uploads\/2024\/09\/thumbnail_IMG_7061-768x503.jpg 768w, https:\/\/amazingpaws.dk\/wp-content\/uploads\/2024\/09\/thumbnail_IMG_7061-1536x1007.jpg 1536w, https:\/\/amazingpaws.dk\/wp-content\/uploads\/2024\/09\/thumbnail_IMG_7061-1568x1028.jpg 1568w, https:\/\/amazingpaws.dk\/wp-content\/uploads\/2024\/09\/thumbnail_IMG_7061.jpg 1652w\" sizes=\"auto, (max-width: 1024px) 100vw, 1024px\" \/><\/figure><div class=\"wp-block-media-text__content\">\n<p>I kuldet 3 tricolour hanner, 1 zobel hanhund og 1 tricolour t\u00e6ve som bliver her og hedder Maddie.<\/p>\n<\/div><\/div>\n\n\n\n<figure class=\"wp-block-gallery has-nested-images columns-default is-cropped wp-block-gallery-4 is-layout-flex wp-block-gallery-is-layout-flex\">\n<figure class=\"wp-block-image size-large\"><img loading=\"lazy\" decoding=\"async\" width=\"895\" height=\"1024\" data-id=\"375\" src=\"https:\/\/amazingpaws.dk\/wp-content\/uploads\/2024\/09\/thumbnail_IMG_6462-Kopi-895x1024.jpg\" alt=\"\" class=\"wp-image-375\" srcset=\"https:\/\/amazingpaws.dk\/wp-content\/uploads\/2024\/09\/thumbnail_IMG_6462-Kopi-895x1024.jpg 895w, https:\/\/amazingpaws.dk\/wp-content\/uploads\/2024\/09\/thumbnail_IMG_6462-Kopi-262x300.jpg 262w, https:\/\/amazingpaws.dk\/wp-content\/uploads\/2024\/09\/thumbnail_IMG_6462-Kopi-768x878.jpg 768w, https:\/\/amazingpaws.dk\/wp-content\/uploads\/2024\/09\/thumbnail_IMG_6462-Kopi.jpg 1119w\" sizes=\"auto, (max-width: 895px) 100vw, 895px\" \/><\/figure>\n\n\n\n<figure class=\"wp-block-image size-large\"><img loading=\"lazy\" decoding=\"async\" width=\"898\" height=\"1024\" data-id=\"376\" src=\"https:\/\/amazingpaws.dk\/wp-content\/uploads\/2024\/09\/thumbnail_IMG_6477-Kopi-898x1024.jpg\" alt=\"\" class=\"wp-image-376\" srcset=\"https:\/\/amazingpaws.dk\/wp-content\/uploads\/2024\/09\/thumbnail_IMG_6477-Kopi-898x1024.jpg 898w, https:\/\/amazingpaws.dk\/wp-content\/uploads\/2024\/09\/thumbnail_IMG_6477-Kopi-263x300.jpg 263w, https:\/\/amazingpaws.dk\/wp-content\/uploads\/2024\/09\/thumbnail_IMG_6477-Kopi-768x876.jpg 768w, https:\/\/amazingpaws.dk\/wp-content\/uploads\/2024\/09\/thumbnail_IMG_6477-Kopi.jpg 1122w\" sizes=\"auto, (max-width: 898px) 100vw, 898px\" \/><\/figure>\n\n\n\n<figure class=\"wp-block-image size-large\"><img loading=\"lazy\" decoding=\"async\" width=\"755\" height=\"1024\" data-id=\"374\" src=\"https:\/\/amazingpaws.dk\/wp-content\/uploads\/2024\/09\/thumbnail_IMG_6497-755x1024.jpg\" alt=\"\" class=\"wp-image-374\" srcset=\"https:\/\/amazingpaws.dk\/wp-content\/uploads\/2024\/09\/thumbnail_IMG_6497-755x1024.jpg 755w, https:\/\/amazingpaws.dk\/wp-content\/uploads\/2024\/09\/thumbnail_IMG_6497-221x300.jpg 221w, https:\/\/amazingpaws.dk\/wp-content\/uploads\/2024\/09\/thumbnail_IMG_6497-768x1041.jpg 768w, https:\/\/amazingpaws.dk\/wp-content\/uploads\/2024\/09\/thumbnail_IMG_6497.jpg 1039w\" sizes=\"auto, (max-width: 755px) 100vw, 755px\" \/><\/figure>\n\n\n\n<figure class=\"wp-block-image size-large\"><img loading=\"lazy\" decoding=\"async\" width=\"770\" height=\"1024\" data-id=\"373\" src=\"https:\/\/amazingpaws.dk\/wp-content\/uploads\/2024\/09\/thumbnail_IMG_6534-770x1024.jpg\" alt=\"\" class=\"wp-image-373\" srcset=\"https:\/\/amazingpaws.dk\/wp-content\/uploads\/2024\/09\/thumbnail_IMG_6534-770x1024.jpg 770w, https:\/\/amazingpaws.dk\/wp-content\/uploads\/2024\/09\/thumbnail_IMG_6534-226x300.jpg 226w, https:\/\/amazingpaws.dk\/wp-content\/uploads\/2024\/09\/thumbnail_IMG_6534-768x1021.jpg 768w, https:\/\/amazingpaws.dk\/wp-content\/uploads\/2024\/09\/thumbnail_IMG_6534.jpg 963w\" sizes=\"auto, (max-width: 770px) 100vw, 770px\" \/><\/figure>\n\n\n\n<figure class=\"wp-block-image size-large\"><img loading=\"lazy\" decoding=\"async\" width=\"884\" height=\"1024\" data-id=\"377\" src=\"https:\/\/amazingpaws.dk\/wp-content\/uploads\/2024\/09\/thumbnail_IMG_6561-884x1024.jpg\" alt=\"\" class=\"wp-image-377\" srcset=\"https:\/\/amazingpaws.dk\/wp-content\/uploads\/2024\/09\/thumbnail_IMG_6561-884x1024.jpg 884w, https:\/\/amazingpaws.dk\/wp-content\/uploads\/2024\/09\/thumbnail_IMG_6561-259x300.jpg 259w, https:\/\/amazingpaws.dk\/wp-content\/uploads\/2024\/09\/thumbnail_IMG_6561-768x890.jpg 768w, https:\/\/amazingpaws.dk\/wp-content\/uploads\/2024\/09\/thumbnail_IMG_6561.jpg 1105w\" sizes=\"auto, (max-width: 884px) 100vw, 884px\" \/><\/figure>\n<\/figure>\n\n\n\n<figure class=\"wp-block-gallery has-nested-images columns-default is-cropped wp-block-gallery-5 is-layout-flex wp-block-gallery-is-layout-flex\">\n<figure class=\"wp-block-image size-large\"><img loading=\"lazy\" decoding=\"async\" width=\"576\" height=\"1024\" data-id=\"382\" src=\"https:\/\/amazingpaws.dk\/wp-content\/uploads\/2024\/09\/thumbnail_IMG_7804-576x1024.png\" alt=\"\" class=\"wp-image-382\" srcset=\"https:\/\/amazingpaws.dk\/wp-content\/uploads\/2024\/09\/thumbnail_IMG_7804-576x1024.png 576w, https:\/\/amazingpaws.dk\/wp-content\/uploads\/2024\/09\/thumbnail_IMG_7804-169x300.png 169w, https:\/\/amazingpaws.dk\/wp-content\/uploads\/2024\/09\/thumbnail_IMG_7804.png 750w\" sizes=\"auto, (max-width: 576px) 100vw, 576px\" \/><\/figure>\n\n\n\n<figure class=\"wp-block-image size-large\"><img loading=\"lazy\" decoding=\"async\" width=\"875\" height=\"1024\" data-id=\"381\" src=\"https:\/\/amazingpaws.dk\/wp-content\/uploads\/2024\/09\/thumbnail_IMG_7892-875x1024.jpg\" alt=\"\" class=\"wp-image-381\" srcset=\"https:\/\/amazingpaws.dk\/wp-content\/uploads\/2024\/09\/thumbnail_IMG_7892-875x1024.jpg 875w, https:\/\/amazingpaws.dk\/wp-content\/uploads\/2024\/09\/thumbnail_IMG_7892-256x300.jpg 256w, https:\/\/amazingpaws.dk\/wp-content\/uploads\/2024\/09\/thumbnail_IMG_7892-768x899.jpg 768w, https:\/\/amazingpaws.dk\/wp-content\/uploads\/2024\/09\/thumbnail_IMG_7892-1312x1536.jpg 1312w, https:\/\/amazingpaws.dk\/wp-content\/uploads\/2024\/09\/thumbnail_IMG_7892.jpg 1365w\" sizes=\"auto, (max-width: 875px) 100vw, 875px\" \/><\/figure>\n\n\n\n<figure class=\"wp-block-image size-large\"><img loading=\"lazy\" decoding=\"async\" width=\"750\" height=\"855\" data-id=\"378\" src=\"https:\/\/amazingpaws.dk\/wp-content\/uploads\/2024\/09\/thumbnail_IMG_7900.jpg\" alt=\"\" class=\"wp-image-378\" srcset=\"https:\/\/amazingpaws.dk\/wp-content\/uploads\/2024\/09\/thumbnail_IMG_7900.jpg 750w, https:\/\/amazingpaws.dk\/wp-content\/uploads\/2024\/09\/thumbnail_IMG_7900-263x300.jpg 263w\" sizes=\"auto, (max-width: 750px) 100vw, 750px\" \/><\/figure>\n\n\n\n<figure class=\"wp-block-image size-large\"><img loading=\"lazy\" decoding=\"async\" width=\"750\" height=\"938\" data-id=\"379\" src=\"https:\/\/amazingpaws.dk\/wp-content\/uploads\/2024\/09\/thumbnail_IMG_7901.jpg\" alt=\"\" class=\"wp-image-379\" srcset=\"https:\/\/amazingpaws.dk\/wp-content\/uploads\/2024\/09\/thumbnail_IMG_7901.jpg 750w, https:\/\/amazingpaws.dk\/wp-content\/uploads\/2024\/09\/thumbnail_IMG_7901-240x300.jpg 240w\" sizes=\"auto, (max-width: 750px) 100vw, 750px\" \/><\/figure>\n\n\n\n<figure class=\"wp-block-image size-large\"><img loading=\"lazy\" decoding=\"async\" width=\"576\" height=\"1024\" data-id=\"380\" src=\"https:\/\/amazingpaws.dk\/wp-content\/uploads\/2024\/09\/thumbnail_IMG_7903-576x1024.jpg\" alt=\"\" class=\"wp-image-380\" srcset=\"https:\/\/amazingpaws.dk\/wp-content\/uploads\/2024\/09\/thumbnail_IMG_7903-576x1024.jpg 576w, https:\/\/amazingpaws.dk\/wp-content\/uploads\/2024\/09\/thumbnail_IMG_7903-169x300.jpg 169w, https:\/\/amazingpaws.dk\/wp-content\/uploads\/2024\/09\/thumbnail_IMG_7903-768x1365.jpg 768w, https:\/\/amazingpaws.dk\/wp-content\/uploads\/2024\/09\/thumbnail_IMG_7903-864x1536.jpg 864w, https:\/\/amazingpaws.dk\/wp-content\/uploads\/2024\/09\/thumbnail_IMG_7903.jpg 1152w\" sizes=\"auto, (max-width: 576px) 100vw, 576px\" \/><\/figure>\n<\/figure>\n\n\n\n<div class=\"wp-block-media-text is-stacked-on-mobile\"><figure class=\"wp-block-media-text__media\"><img loading=\"lazy\" decoding=\"async\" width=\"971\" height=\"681\" src=\"https:\/\/amazingpaws.dk\/wp-content\/uploads\/2024\/09\/sisse-staa.jpg\" alt=\"\" class=\"wp-image-383 size-full\" srcset=\"https:\/\/amazingpaws.dk\/wp-content\/uploads\/2024\/09\/sisse-staa.jpg 971w, https:\/\/amazingpaws.dk\/wp-content\/uploads\/2024\/09\/sisse-staa-300x210.jpg 300w, https:\/\/amazingpaws.dk\/wp-content\/uploads\/2024\/09\/sisse-staa-768x539.jpg 768w\" sizes=\"auto, (max-width: 971px) 100vw, 971px\" \/><\/figure><div class=\"wp-block-media-text__content\">\n<p>Sep. 2024 Sisse m\u00e5 desv\u00e6rre finde et nyt hjem, da hun ikke fungere her hos mig og de andre.<\/p>\n<\/div><\/div>\n\n\n\n<div class=\"wp-block-media-text is-stacked-on-mobile\"><figure class=\"wp-block-media-text__media\"><img loading=\"lazy\" decoding=\"async\" width=\"612\" height=\"282\" src=\"https:\/\/amazingpaws.dk\/wp-content\/uploads\/2025\/01\/teun-og-kelly-faerdig.jpg\" alt=\"\" class=\"wp-image-420 size-full\" srcset=\"https:\/\/amazingpaws.dk\/wp-content\/uploads\/2025\/01\/teun-og-kelly-faerdig.jpg 612w, https:\/\/amazingpaws.dk\/wp-content\/uploads\/2025\/01\/teun-og-kelly-faerdig-300x138.jpg 300w\" sizes=\"auto, (max-width: 612px) 100vw, 612px\" \/><\/figure><div class=\"wp-block-media-text__content\">\n<p>Nov. 2024 Kelly er parret med denne flotte fyr Teun, import fra Holland. <\/p>\n<\/div><\/div>\n\n\n\n<div class=\"wp-block-media-text is-stacked-on-mobile\"><figure class=\"wp-block-media-text__media\"><img loading=\"lazy\" decoding=\"async\" width=\"1024\" height=\"868\" src=\"https:\/\/amazingpaws.dk\/wp-content\/uploads\/2025\/02\/thumbnail_IMG_8553-1024x868.jpg\" alt=\"\" class=\"wp-image-428 size-full\" srcset=\"https:\/\/amazingpaws.dk\/wp-content\/uploads\/2025\/02\/thumbnail_IMG_8553-1024x868.jpg 1024w, https:\/\/amazingpaws.dk\/wp-content\/uploads\/2025\/02\/thumbnail_IMG_8553-300x254.jpg 300w, https:\/\/amazingpaws.dk\/wp-content\/uploads\/2025\/02\/thumbnail_IMG_8553-768x651.jpg 768w, https:\/\/amazingpaws.dk\/wp-content\/uploads\/2025\/02\/thumbnail_IMG_8553-1536x1302.jpg 1536w, https:\/\/amazingpaws.dk\/wp-content\/uploads\/2025\/02\/thumbnail_IMG_8553-1568x1330.jpg 1568w, https:\/\/amazingpaws.dk\/wp-content\/uploads\/2025\/02\/thumbnail_IMG_8553.jpg 1920w\" sizes=\"auto, (max-width: 1024px) 100vw, 1024px\" \/><\/figure><div class=\"wp-block-media-text__content\">\n<p>24\/1-2025<\/p>\n\n\n\n<p>S\u00e5 kom J-kuldet 4 dage f\u00f8r tid.<\/p>\n<\/div><\/div>\n\n\n\n<div class=\"wp-block-media-text is-stacked-on-mobile\"><figure class=\"wp-block-media-text__media\"><img loading=\"lazy\" decoding=\"async\" width=\"1024\" height=\"967\" src=\"https:\/\/amazingpaws.dk\/wp-content\/uploads\/2025\/02\/thumbnail_IMG_7962-1024x967.jpg\" alt=\"\" class=\"wp-image-429 size-full\" srcset=\"https:\/\/amazingpaws.dk\/wp-content\/uploads\/2025\/02\/thumbnail_IMG_7962-1024x967.jpg 1024w, https:\/\/amazingpaws.dk\/wp-content\/uploads\/2025\/02\/thumbnail_IMG_7962-300x283.jpg 300w, https:\/\/amazingpaws.dk\/wp-content\/uploads\/2025\/02\/thumbnail_IMG_7962-768x725.jpg 768w, https:\/\/amazingpaws.dk\/wp-content\/uploads\/2025\/02\/thumbnail_IMG_7962-1536x1450.jpg 1536w, https:\/\/amazingpaws.dk\/wp-content\/uploads\/2025\/02\/thumbnail_IMG_7962-1568x1481.jpg 1568w, https:\/\/amazingpaws.dk\/wp-content\/uploads\/2025\/02\/thumbnail_IMG_7962.jpg 1920w\" sizes=\"auto, (max-width: 1024px) 100vw, 1024px\" \/><\/figure><div class=\"wp-block-media-text__content\">\n<p>1\/2-2025<\/p>\n\n\n\n<p>Jeg m\u00e5 desv\u00e6rre finde nyt 5 stjernet hjem til sk\u00f8nne Maddie. Da jeg desv\u00e6rre ikke kan bruge hende i mit opdr\u00e6t.<\/p>\n<\/div><\/div>\n\n\n\n<div class=\"wp-block-media-text is-stacked-on-mobile\"><figure class=\"wp-block-media-text__media\"><img loading=\"lazy\" decoding=\"async\" width=\"711\" height=\"1024\" src=\"https:\/\/amazingpaws.dk\/wp-content\/uploads\/2025\/04\/thumbnail_IMG_9505-1-711x1024.jpg\" alt=\"\" class=\"wp-image-521 size-full\" srcset=\"https:\/\/amazingpaws.dk\/wp-content\/uploads\/2025\/04\/thumbnail_IMG_9505-1-711x1024.jpg 711w, https:\/\/amazingpaws.dk\/wp-content\/uploads\/2025\/04\/thumbnail_IMG_9505-1-208x300.jpg 208w, https:\/\/amazingpaws.dk\/wp-content\/uploads\/2025\/04\/thumbnail_IMG_9505-1-768x1106.jpg 768w, https:\/\/amazingpaws.dk\/wp-content\/uploads\/2025\/04\/thumbnail_IMG_9505-1.jpg 889w\" sizes=\"auto, (max-width: 711px) 100vw, 711px\" \/><\/figure><div class=\"wp-block-media-text__content\">\n<p>23\/3-2025 Fra J-kuldet v\u00e6lger jeg at beholde Amazingpaws Joyful Janis Joplin aka Esther.<\/p>\n<\/div><\/div>\n","protected":false},"excerpt":{"rendered":"<p>Vi har desv\u00e6rre sige farvel til smukke og dejlige Pepsi. Hun havde f\u00e5et en tumor p\u00e5 milten. Sisse er flyttet ind, hun er et barnebarn til Pepsi opdr\u00e6ttet af Anette Sofie. Lejreg\u00e5rds Dancer in th Dark aka Kelly er parret med Fest C\u00b4Mon Gorgeous aka Max og vi venter hvalpe til november 2023. H-kuldet kom&hellip; <a class=\"more-link\" href=\"https:\/\/amazingpaws.dk\/?page_id=128\">L\u00e6s mere <span class=\"screen-reader-text\">Nyheder<\/span><\/a><\/p>\n","protected":false},"author":1,"featured_media":0,"parent":0,"menu_order":0,"comment_status":"closed","ping_status":"closed","template":"","meta":{"footnotes":""},"class_list":["post-128","page","type-page","status-publish","hentry","entry"],"_links":{"self":[{"href":"https:\/\/amazingpaws.dk\/index.php?rest_route=\/wp\/v2\/pages\/128","targetHints":{"allow":["GET"]}}],"collection":[{"href":"https:\/\/amazingpaws.dk\/index.php?rest_route=\/wp\/v2\/pages"}],"about":[{"href":"https:\/\/amazingpaws.dk\/index.php?rest_route=\/wp\/v2\/types\/page"}],"author":[{"embeddable":true,"href":"https:\/\/amazingpaws.dk\/index.php?rest_route=\/wp\/v2\/users\/1"}],"replies":[{"embeddable":true,"href":"https:\/\/amazingpaws.dk\/index.php?rest_route=%2Fwp%2Fv2%2Fcomments&post=128"}],"version-history":[{"count":14,"href":"https:\/\/amazingpaws.dk\/index.php?rest_route=\/wp\/v2\/pages\/128\/revisions"}],"predecessor-version":[{"id":523,"href":"https:\/\/amazingpaws.dk\/index.php?rest_route=\/wp\/v2\/pages\/128\/revisions\/523"}],"wp:attachment":[{"href":"https:\/\/amazingpaws.dk\/index.php?rest_route=%2Fwp%2Fv2%2Fmedia&parent=128"}],"curies":[{"name":"wp","href":"https:\/\/api.w.org\/{rel}","templated":true}]}}