{"id":49,"date":"2022-12-07T20:02:08","date_gmt":"2022-12-07T20:02:08","guid":{"rendered":"https:\/\/amazingpaws.dk\/?page_id=49"},"modified":"2023-05-25T10:04:55","modified_gmt":"2023-05-25T10:04:55","slug":"avlsgodkendt-hanhund","status":"publish","type":"page","link":"https:\/\/amazingpaws.dk\/?page_id=49","title":{"rendered":"Avlsgodkendt hanhunde Topsy &#038; Buster"},"content":{"rendered":"\n<p class=\"has-secondary-background-color has-background\"><\/p>\n\n\n\n<div class=\"wp-block-media-text alignwide is-stacked-on-mobile is-style-default\"><figure class=\"wp-block-media-text__media\"><img loading=\"lazy\" decoding=\"async\" width=\"1024\" height=\"868\" src=\"https:\/\/amazingpaws.dk\/wp-content\/uploads\/2022\/11\/topsy-staa-1024x868.jpg\" alt=\"Topsy st\u00e5\" class=\"wp-image-13 size-large\" srcset=\"https:\/\/amazingpaws.dk\/wp-content\/uploads\/2022\/11\/topsy-staa-1024x868.jpg 1024w, https:\/\/amazingpaws.dk\/wp-content\/uploads\/2022\/11\/topsy-staa-300x254.jpg 300w, https:\/\/amazingpaws.dk\/wp-content\/uploads\/2022\/11\/topsy-staa-768x651.jpg 768w, https:\/\/amazingpaws.dk\/wp-content\/uploads\/2022\/11\/topsy-staa.jpg 1280w\" sizes=\"auto, (max-width: 1024px) 100vw, 1024px\" \/><\/figure><div class=\"wp-block-media-text__content\">\n<p>\u00c4vldrottingen Zeus aka Topsy DK00719\/2020 er f\u00f8dt 02-04-2018 <\/p>\n\n\n\n<p>Topsy er f\u00f8dt stumphalet og godkendt til avl og \u00f8jenlyst uden anm\u00e6rkninger til avlsgodkendte t\u00e6ver. Bor ved Kolding.<\/p>\n<\/div><\/div>\n\n\n\n<p class=\"has-secondary-background-color has-background\"><\/p>\n\n\n\n<figure class=\"wp-block-gallery has-nested-images columns-default is-cropped wp-block-gallery-1 is-layout-flex wp-block-gallery-is-layout-flex\">\n<figure class=\"wp-block-image size-large is-style-twentytwentyone-image-frame\"><img loading=\"lazy\" decoding=\"async\" width=\"1024\" height=\"683\" data-id=\"10\" src=\"https:\/\/amazingpaws.dk\/wp-content\/uploads\/2022\/11\/HYQR8497-1024x683.jpeg\" alt=\"\" class=\"wp-image-10\" srcset=\"https:\/\/amazingpaws.dk\/wp-content\/uploads\/2022\/11\/HYQR8497-1024x683.jpeg 1024w, https:\/\/amazingpaws.dk\/wp-content\/uploads\/2022\/11\/HYQR8497-300x200.jpeg 300w, https:\/\/amazingpaws.dk\/wp-content\/uploads\/2022\/11\/HYQR8497-768x512.jpeg 768w, https:\/\/amazingpaws.dk\/wp-content\/uploads\/2022\/11\/HYQR8497-1536x1024.jpeg 1536w, https:\/\/amazingpaws.dk\/wp-content\/uploads\/2022\/11\/HYQR8497-2048x1365.jpeg 2048w\" sizes=\"auto, (max-width: 1024px) 100vw, 1024px\" \/><\/figure>\n\n\n\n<figure class=\"wp-block-image size-large is-style-twentytwentyone-image-frame\"><img loading=\"lazy\" decoding=\"async\" width=\"894\" height=\"1024\" data-id=\"14\" src=\"https:\/\/amazingpaws.dk\/wp-content\/uploads\/2022\/11\/topsy-894x1024.jpg\" alt=\"\" class=\"wp-image-14\" srcset=\"https:\/\/amazingpaws.dk\/wp-content\/uploads\/2022\/11\/topsy-894x1024.jpg 894w, https:\/\/amazingpaws.dk\/wp-content\/uploads\/2022\/11\/topsy-262x300.jpg 262w, https:\/\/amazingpaws.dk\/wp-content\/uploads\/2022\/11\/topsy-768x880.jpg 768w, https:\/\/amazingpaws.dk\/wp-content\/uploads\/2022\/11\/topsy.jpg 1079w\" sizes=\"auto, (max-width: 894px) 100vw, 894px\" \/><\/figure>\n<\/figure>\n\n\n\n<figure class=\"wp-block-image size-full is-style-twentytwentyone-image-frame\"><img loading=\"lazy\" decoding=\"async\" width=\"573\" height=\"801\" src=\"https:\/\/amazingpaws.dk\/wp-content\/uploads\/2022\/11\/topsy-stamtavle.jpg\" alt=\"\" class=\"wp-image-12\" srcset=\"https:\/\/amazingpaws.dk\/wp-content\/uploads\/2022\/11\/topsy-stamtavle.jpg 573w, https:\/\/amazingpaws.dk\/wp-content\/uploads\/2022\/11\/topsy-stamtavle-215x300.jpg 215w\" sizes=\"auto, (max-width: 573px) 100vw, 573px\" \/><\/figure>\n\n\n\n<div class=\"wp-block-media-text alignwide is-stacked-on-mobile\"><figure class=\"wp-block-media-text__media\"><img loading=\"lazy\" decoding=\"async\" width=\"1024\" height=\"702\" src=\"https:\/\/amazingpaws.dk\/wp-content\/uploads\/2022\/11\/thumbnail_IMG_2631-1024x702.jpg\" alt=\"Buster st\u00e5\" class=\"wp-image-15 size-full\" srcset=\"https:\/\/amazingpaws.dk\/wp-content\/uploads\/2022\/11\/thumbnail_IMG_2631-1024x702.jpg 1024w, https:\/\/amazingpaws.dk\/wp-content\/uploads\/2022\/11\/thumbnail_IMG_2631-300x206.jpg 300w, https:\/\/amazingpaws.dk\/wp-content\/uploads\/2022\/11\/thumbnail_IMG_2631-768x527.jpg 768w, https:\/\/amazingpaws.dk\/wp-content\/uploads\/2022\/11\/thumbnail_IMG_2631.jpg 1126w\" sizes=\"auto, (max-width: 1024px) 100vw, 1024px\" \/><\/figure><div class=\"wp-block-media-text__content\">\n<p>DKJUCH Amazingpaw\u00b4s Glamour of Great Gatsby aka Buster Dk15665\/2021 F\u00f8dt 28-05-2021.<\/p>\n\n\n\n<p>Buster er f\u00f8dt med stumphale, godkendt til avl og \u00f8jenlyst med mindre anm\u00e6rkning, til avlsgodkendte t\u00e6ver bor i Egtved.<\/p>\n<\/div><\/div>\n\n\n\n<figure class=\"wp-block-gallery has-nested-images columns-default is-cropped wp-block-gallery-2 is-layout-flex wp-block-gallery-is-layout-flex\">\n<figure class=\"wp-block-image size-large is-style-twentytwentyone-image-frame\"><img loading=\"lazy\" decoding=\"async\" width=\"749\" height=\"1024\" data-id=\"18\" src=\"https:\/\/amazingpaws.dk\/wp-content\/uploads\/2022\/11\/thumbnail_IMG_3093-749x1024.jpg\" alt=\"\" class=\"wp-image-18\" srcset=\"https:\/\/amazingpaws.dk\/wp-content\/uploads\/2022\/11\/thumbnail_IMG_3093-749x1024.jpg 749w, https:\/\/amazingpaws.dk\/wp-content\/uploads\/2022\/11\/thumbnail_IMG_3093-219x300.jpg 219w, https:\/\/amazingpaws.dk\/wp-content\/uploads\/2022\/11\/thumbnail_IMG_3093-768x1050.jpg 768w, https:\/\/amazingpaws.dk\/wp-content\/uploads\/2022\/11\/thumbnail_IMG_3093.jpg 936w\" sizes=\"auto, (max-width: 749px) 100vw, 749px\" \/><\/figure>\n\n\n\n<figure class=\"wp-block-image size-large is-style-twentytwentyone-image-frame\"><img loading=\"lazy\" decoding=\"async\" width=\"908\" height=\"936\" data-id=\"116\" src=\"https:\/\/amazingpaws.dk\/wp-content\/uploads\/2023\/05\/IMG_E3087.jpg\" alt=\"\" class=\"wp-image-116\" srcset=\"https:\/\/amazingpaws.dk\/wp-content\/uploads\/2023\/05\/IMG_E3087.jpg 908w, https:\/\/amazingpaws.dk\/wp-content\/uploads\/2023\/05\/IMG_E3087-291x300.jpg 291w, https:\/\/amazingpaws.dk\/wp-content\/uploads\/2023\/05\/IMG_E3087-768x792.jpg 768w\" sizes=\"auto, (max-width: 908px) 100vw, 908px\" \/><\/figure>\n<\/figure>\n\n\n\n<figure class=\"wp-block-image size-full is-style-twentytwentyone-image-frame\"><img loading=\"lazy\" decoding=\"async\" width=\"750\" height=\"988\" src=\"https:\/\/amazingpaws.dk\/wp-content\/uploads\/2023\/05\/stamtavle.jpg\" alt=\"\" class=\"wp-image-124\" srcset=\"https:\/\/amazingpaws.dk\/wp-content\/uploads\/2023\/05\/stamtavle.jpg 750w, https:\/\/amazingpaws.dk\/wp-content\/uploads\/2023\/05\/stamtavle-228x300.jpg 228w\" sizes=\"auto, (max-width: 750px) 100vw, 750px\" \/><\/figure>\n\n\n\n<figure class=\"wp-block-image size-full is-style-twentytwentyone-image-frame\"><img loading=\"lazy\" decoding=\"async\" width=\"850\" height=\"567\" src=\"https:\/\/amazingpaws.dk\/wp-content\/uploads\/2023\/05\/faerdig-buster.jpg\" alt=\"\" class=\"wp-image-115\" srcset=\"https:\/\/amazingpaws.dk\/wp-content\/uploads\/2023\/05\/faerdig-buster.jpg 850w, https:\/\/amazingpaws.dk\/wp-content\/uploads\/2023\/05\/faerdig-buster-300x200.jpg 300w, https:\/\/amazingpaws.dk\/wp-content\/uploads\/2023\/05\/faerdig-buster-768x512.jpg 768w\" sizes=\"auto, (max-width: 850px) 100vw, 850px\" \/><\/figure>\n","protected":false},"excerpt":{"rendered":"<p>\u00c4vldrottingen Zeus aka Topsy DK00719\/2020 er f\u00f8dt 02-04-2018 Topsy er f\u00f8dt stumphalet og godkendt til avl og \u00f8jenlyst uden anm\u00e6rkninger til avlsgodkendte t\u00e6ver. Bor ved Kolding. DKJUCH Amazingpaw\u00b4s Glamour of Great Gatsby aka Buster Dk15665\/2021 F\u00f8dt 28-05-2021. Buster er f\u00f8dt med stumphale, godkendt til avl og \u00f8jenlyst med mindre anm\u00e6rkning, til avlsgodkendte t\u00e6ver bor i&hellip; <a class=\"more-link\" href=\"https:\/\/amazingpaws.dk\/?page_id=49\">L\u00e6s mere <span class=\"screen-reader-text\">Avlsgodkendt hanhunde Topsy &#038; Buster<\/span><\/a><\/p>\n","protected":false},"author":1,"featured_media":0,"parent":0,"menu_order":4,"comment_status":"closed","ping_status":"closed","template":"","meta":{"footnotes":""},"class_list":["post-49","page","type-page","status-publish","hentry","entry"],"_links":{"self":[{"href":"https:\/\/amazingpaws.dk\/index.php?rest_route=\/wp\/v2\/pages\/49","targetHints":{"allow":["GET"]}}],"collection":[{"href":"https:\/\/amazingpaws.dk\/index.php?rest_route=\/wp\/v2\/pages"}],"about":[{"href":"https:\/\/amazingpaws.dk\/index.php?rest_route=\/wp\/v2\/types\/page"}],"author":[{"embeddable":true,"href":"https:\/\/amazingpaws.dk\/index.php?rest_route=\/wp\/v2\/users\/1"}],"replies":[{"embeddable":true,"href":"https:\/\/amazingpaws.dk\/index.php?rest_route=%2Fwp%2Fv2%2Fcomments&post=49"}],"version-history":[{"count":11,"href":"https:\/\/amazingpaws.dk\/index.php?rest_route=\/wp\/v2\/pages\/49\/revisions"}],"predecessor-version":[{"id":126,"href":"https:\/\/amazingpaws.dk\/index.php?rest_route=\/wp\/v2\/pages\/49\/revisions\/126"}],"wp:attachment":[{"href":"https:\/\/amazingpaws.dk\/index.php?rest_route=%2Fwp%2Fv2%2Fmedia&parent=49"}],"curies":[{"name":"wp","href":"https:\/\/api.w.org\/{rel}","templated":true}]}}