{"id":52,"date":"2022-12-07T17:20:41","date_gmt":"2022-12-07T17:20:41","guid":{"rendered":"https:\/\/amazingpaws.dk\/?page_id=52"},"modified":"2025-02-19T19:09:28","modified_gmt":"2025-02-19T19:09:28","slug":"hvalpekoeb-ved-os","status":"publish","type":"page","link":"https:\/\/amazingpaws.dk\/?page_id=52","title":{"rendered":"Hvalpek\u00f8b ved os"},"content":{"rendered":"\n<figure class=\"wp-block-image size-full\"><img loading=\"lazy\" decoding=\"async\" width=\"640\" height=\"402\" src=\"https:\/\/amazingpaws.dk\/wp-content\/uploads\/2023\/10\/IMG_1917.jpg\" alt=\"\" class=\"wp-image-151\" srcset=\"https:\/\/amazingpaws.dk\/wp-content\/uploads\/2023\/10\/IMG_1917.jpg 640w, https:\/\/amazingpaws.dk\/wp-content\/uploads\/2023\/10\/IMG_1917-300x188.jpg 300w\" sizes=\"auto, (max-width: 640px) 100vw, 640px\" \/><\/figure>\n\n\n\n<p class=\"has-secondary-background-color has-background\">En 8 ugers Pembroke hvalp fra Kennel Amazing Paw`s er der inkluderet 3 x ormebehandling, DKK stambog, Dkk k\u00f8bskontrakt, chippet, betalt og registreret i Dansk hunderegister (lovkrav), og der er foretaget dyrl\u00e6getjek og tjek ved osteopat umiddelbart f\u00f8r hvalpen kan rejse hjemmefra 8 uger gammel.<\/p>\n\n\n\n<p class=\"has-secondary-background-color has-background\">Hvalpestartpakke: foder pose, t\u00e6ppe der lugter af mor, halsb\u00e5nd og snor, leget\u00f8j og snack.<\/p>\n\n\n\n<p class=\"has-secondary-background-color has-background\">Vi anvender Dansk Kennelklubs k\u00f8bsaftale.<\/p>\n\n\n\n<p class=\"has-secondary-background-color has-background\">Henset til hvalpene og moderens velbefindende, tillader vi tidligst bes\u00f8g af seri\u00f8se hvalpek\u00f8bere, efter hvalpene er blevet 3 uger gamle.<\/p>\n\n\n\n<p class=\"has-secondary-background-color has-background\">Som udgangspunkt, s\u00e6lger jeg ikke hvalpe, som skal bo i lejlighed med trapper, da en Corgi ikke egner sig til trapper og da den f\u00e5r en slutv\u00e6gt p\u00e5 ca 15 kg og uhandy at b\u00e6re med dens lange krop.<\/p>\n\n\n\n<p class=\"has-secondary-background-color has-background\">Desuden fortr\u00e6kker jeg hvalpe k\u00f8bere plus 27 \u00e5r gerne med hundeerfaring og helst par, da en Corgi ikke er en f\u00f8rstegangshund.<\/p>\n\n\n\n<p><\/p>\n\n\n\n<div class=\"wp-block-columns is-layout-flex wp-container-core-columns-is-layout-1 wp-block-columns-is-layout-flex\">\n<div class=\"wp-block-column is-layout-flow wp-block-column-is-layout-flow\">\n<figure class=\"wp-block-image size-large\"><img loading=\"lazy\" decoding=\"async\" width=\"1024\" height=\"862\" src=\"https:\/\/amazingpaws.dk\/wp-content\/uploads\/2022\/11\/elliot-og-eddie-rotated-e1669062994231-1024x862.jpg\" alt=\"\" class=\"wp-image-41\" srcset=\"https:\/\/amazingpaws.dk\/wp-content\/uploads\/2022\/11\/elliot-og-eddie-rotated-e1669062994231-1024x862.jpg 1024w, https:\/\/amazingpaws.dk\/wp-content\/uploads\/2022\/11\/elliot-og-eddie-rotated-e1669062994231-300x253.jpg 300w, https:\/\/amazingpaws.dk\/wp-content\/uploads\/2022\/11\/elliot-og-eddie-rotated-e1669062994231-768x647.jpg 768w, https:\/\/amazingpaws.dk\/wp-content\/uploads\/2022\/11\/elliot-og-eddie-rotated-e1669062994231.jpg 1280w\" sizes=\"auto, (max-width: 1024px) 100vw, 1024px\" \/><\/figure>\n<\/div>\n\n\n\n<div class=\"wp-block-column is-layout-flow wp-block-column-is-layout-flow\">\n<figure class=\"wp-block-image size-full\"><img loading=\"lazy\" decoding=\"async\" width=\"600\" height=\"460\" src=\"https:\/\/amazingpaws.dk\/wp-content\/uploads\/2022\/11\/fanta-og-friesta.jpg\" alt=\"\" class=\"wp-image-42\" srcset=\"https:\/\/amazingpaws.dk\/wp-content\/uploads\/2022\/11\/fanta-og-friesta.jpg 600w, https:\/\/amazingpaws.dk\/wp-content\/uploads\/2022\/11\/fanta-og-friesta-300x230.jpg 300w\" sizes=\"auto, (max-width: 600px) 100vw, 600px\" \/><\/figure>\n<\/div>\n<\/div>\n\n\n\n<div class=\"wp-block-columns is-layout-flex wp-container-core-columns-is-layout-2 wp-block-columns-is-layout-flex\">\n<div class=\"wp-block-column is-layout-flow wp-block-column-is-layout-flow\">\n<figure class=\"wp-block-image size-large\"><img loading=\"lazy\" decoding=\"async\" width=\"1024\" height=\"990\" src=\"https:\/\/amazingpaws.dk\/wp-content\/uploads\/2023\/10\/IMG_E3603-1-1024x990.jpg\" alt=\"\" class=\"wp-image-148\" srcset=\"https:\/\/amazingpaws.dk\/wp-content\/uploads\/2023\/10\/IMG_E3603-1-1024x990.jpg 1024w, https:\/\/amazingpaws.dk\/wp-content\/uploads\/2023\/10\/IMG_E3603-1-300x290.jpg 300w, https:\/\/amazingpaws.dk\/wp-content\/uploads\/2023\/10\/IMG_E3603-1-768x742.jpg 768w, https:\/\/amazingpaws.dk\/wp-content\/uploads\/2023\/10\/IMG_E3603-1-1536x1485.jpg 1536w, https:\/\/amazingpaws.dk\/wp-content\/uploads\/2023\/10\/IMG_E3603-1-2048x1980.jpg 2048w, https:\/\/amazingpaws.dk\/wp-content\/uploads\/2023\/10\/IMG_E3603-1-1568x1516.jpg 1568w\" sizes=\"auto, (max-width: 1024px) 100vw, 1024px\" \/><\/figure>\n<\/div>\n\n\n\n<div class=\"wp-block-column is-layout-flow wp-block-column-is-layout-flow\">\n<figure class=\"wp-block-image size-large\"><img loading=\"lazy\" decoding=\"async\" width=\"944\" height=\"1024\" src=\"https:\/\/amazingpaws.dk\/wp-content\/uploads\/2023\/10\/kelly-944x1024.jpg\" alt=\"\" class=\"wp-image-149\" srcset=\"https:\/\/amazingpaws.dk\/wp-content\/uploads\/2023\/10\/kelly-944x1024.jpg 944w, https:\/\/amazingpaws.dk\/wp-content\/uploads\/2023\/10\/kelly-277x300.jpg 277w, https:\/\/amazingpaws.dk\/wp-content\/uploads\/2023\/10\/kelly-768x833.jpg 768w, https:\/\/amazingpaws.dk\/wp-content\/uploads\/2023\/10\/kelly.jpg 1357w\" sizes=\"auto, (max-width: 944px) 100vw, 944px\" \/><\/figure>\n<\/div>\n\n\n\n<div class=\"wp-block-column is-layout-flow wp-block-column-is-layout-flow\">\n<figure class=\"wp-block-image size-large\"><img loading=\"lazy\" decoding=\"async\" width=\"795\" height=\"1024\" src=\"https:\/\/amazingpaws.dk\/wp-content\/uploads\/2023\/10\/ellie-i-skaal-795x1024.jpg\" alt=\"\" class=\"wp-image-150\" srcset=\"https:\/\/amazingpaws.dk\/wp-content\/uploads\/2023\/10\/ellie-i-skaal-795x1024.jpg 795w, https:\/\/amazingpaws.dk\/wp-content\/uploads\/2023\/10\/ellie-i-skaal-233x300.jpg 233w, https:\/\/amazingpaws.dk\/wp-content\/uploads\/2023\/10\/ellie-i-skaal-768x989.jpg 768w, https:\/\/amazingpaws.dk\/wp-content\/uploads\/2023\/10\/ellie-i-skaal-1192x1536.jpg 1192w, https:\/\/amazingpaws.dk\/wp-content\/uploads\/2023\/10\/ellie-i-skaal-1590x2048.jpg 1590w, https:\/\/amazingpaws.dk\/wp-content\/uploads\/2023\/10\/ellie-i-skaal-1568x2020.jpg 1568w, https:\/\/amazingpaws.dk\/wp-content\/uploads\/2023\/10\/ellie-i-skaal-scaled.jpg 1987w\" sizes=\"auto, (max-width: 795px) 100vw, 795px\" \/><\/figure>\n<\/div>\n<\/div>\n","protected":false},"excerpt":{"rendered":"<p>En 8 ugers Pembroke hvalp fra Kennel Amazing Paw`s er der inkluderet 3 x ormebehandling, DKK stambog, Dkk k\u00f8bskontrakt, chippet, betalt og registreret i Dansk hunderegister (lovkrav), og der er foretaget dyrl\u00e6getjek og tjek ved osteopat umiddelbart f\u00f8r hvalpen kan rejse hjemmefra 8 uger gammel. Hvalpestartpakke: foder pose, t\u00e6ppe der lugter af mor, halsb\u00e5nd og&hellip; <a class=\"more-link\" href=\"https:\/\/amazingpaws.dk\/?page_id=52\">L\u00e6s mere <span class=\"screen-reader-text\">Hvalpek\u00f8b ved os<\/span><\/a><\/p>\n","protected":false},"author":1,"featured_media":0,"parent":0,"menu_order":2,"comment_status":"closed","ping_status":"closed","template":"","meta":{"footnotes":""},"class_list":["post-52","page","type-page","status-publish","hentry","entry"],"_links":{"self":[{"href":"https:\/\/amazingpaws.dk\/index.php?rest_route=\/wp\/v2\/pages\/52","targetHints":{"allow":["GET"]}}],"collection":[{"href":"https:\/\/amazingpaws.dk\/index.php?rest_route=\/wp\/v2\/pages"}],"about":[{"href":"https:\/\/amazingpaws.dk\/index.php?rest_route=\/wp\/v2\/types\/page"}],"author":[{"embeddable":true,"href":"https:\/\/amazingpaws.dk\/index.php?rest_route=\/wp\/v2\/users\/1"}],"replies":[{"embeddable":true,"href":"https:\/\/amazingpaws.dk\/index.php?rest_route=%2Fwp%2Fv2%2Fcomments&post=52"}],"version-history":[{"count":9,"href":"https:\/\/amazingpaws.dk\/index.php?rest_route=\/wp\/v2\/pages\/52\/revisions"}],"predecessor-version":[{"id":453,"href":"https:\/\/amazingpaws.dk\/index.php?rest_route=\/wp\/v2\/pages\/52\/revisions\/453"}],"wp:attachment":[{"href":"https:\/\/amazingpaws.dk\/index.php?rest_route=%2Fwp%2Fv2%2Fmedia&parent=52"}],"curies":[{"name":"wp","href":"https:\/\/api.w.org\/{rel}","templated":true}]}}