{"id":68,"date":"2022-12-07T16:41:09","date_gmt":"2022-12-07T16:41:09","guid":{"rendered":"https:\/\/amazingpaws.dk\/?page_id=68"},"modified":"2022-12-22T14:01:39","modified_gmt":"2022-12-22T14:01:39","slug":"saa-du-tror-at-du-vil-have-en-corgi","status":"publish","type":"page","link":"https:\/\/amazingpaws.dk\/?page_id=68","title":{"rendered":"S\u00e5 du tror, at du vil have en corgi?!"},"content":{"rendered":"\n<h2 class=\"has-large-font-size wp-block-heading\">Hvem kan modst\u00e5 en Corgi? Med dens r\u00e6veagtige ansigt, sm\u00e5 korte ben og lille runde bagdel er de da det mest nuttede, man kan forestille sig!!<\/h2>\n\n\n\n<p class=\"has-secondary-background-color has-background\">Ta\u2019 en bog eller bes\u00f8g en hjemmeside om hunderacer, og du vil opdage, at Corgien er klog, nem at tr\u00e6ne, og har en plejevenlig, smudsafvisende pels. Den er loyal over for sine mennesker, kan leve fredeligt med andre dyr, er en god vagthund og kr\u00e6ver ikke&nbsp;flere hektarer at boltre sig p\u00e5. At den desuden har en bekvem st\u00f8rrelse og det&nbsp;faktum, at den kan trives i de fleste milj\u00f8er f\u00e5r&nbsp;den til at&nbsp;lyde som den perfekte hund.<\/p>\n\n\n\n<p class=\"has-secondary-background-color has-background\">Men ingen hund er det rigtige valg for alle. Sp\u00f8rgsm\u00e5let er, er Corgien den rigtige hund for dig?<\/p>\n\n\n\n<p class=\"has-secondary-background-color has-background\">Corgien har flere race tr\u00e6k, der kan for\u00e5rsage problemer i mange hjem, og man ser desv\u00e6rre af&nbsp;og til tilf\u00e6lde af mennesker, der har m\u00e5tte genplacere deres k\u00e6ledyr p\u00e5 grund af racetypisk adf\u00e6rd, som ejeren havde problemer med at h\u00e5ndtere. Her er nogle af de Corgi tr\u00e6k, som alle fremtidige ejere b\u00f8r v\u00e6re opm\u00e6rksom p\u00e5:<\/p>\n\n\n\n<p class=\"has-secondary-background-color has-background\"><em><strong>G\u00f8en :<\/strong><\/em><\/p>\n\n\n\n<p class=\"has-secondary-background-color has-background\">N\u00e6sten alle hunde g\u00f8r. Corgien g\u00f8r meget. Hvis du aldrig har haft en hund, som g\u00f8r meget, skulle du m\u00e5ske tilbringe noget tid i et hjem med en g\u00f8ende race, for at se om du kan leve med det .<\/p>\n\n\n\n<p class=\"has-secondary-background-color has-background\">Det er rigtigt, at mange Corgier er gode vagthunde. Som hyrdehund og landbrugsmedhj\u00e6lper, var en af \u200b\u200bderes job tidligere at l\u00e6gge m\u00e6rke til noget &#8220;anderledes&#8221; og alarmere ejerne. Det betyder, at din Corgi sandsynligvis vil g\u00f8, hvis nogen g\u00e5r p\u00e5 dit fortov, eller hvis en omstrejfende kat begynder at grave i dine blomsterbede .<\/p>\n\n\n\n<p class=\"has-secondary-background-color has-background\">Din Corgi kan ogs\u00e5 advare dig, hvis din nabo har efterladt havel\u00e5gen \u00e5ben, hvis en bil er parkeret p\u00e5 den modsatte side af gaden, hvor den ikke plejer at holde eller hvis vinden hyler i din tagrende. Den kan ogs\u00e5 g\u00f8 for at advare dig om, at nogen g\u00e5r ind din nabos hus &#8212; og \u00e5h ja, det ER din nabo. Den kan v\u00e6re bedste venner med Labradoren l\u00e6ngere op ad gaden, men det vil ikke forhindre den i at g\u00f8 for at advare dig om, at Labradoren er ved at g\u00e5 forbi dit hus.<\/p>\n\n\n\n<p class=\"has-secondary-background-color has-background\">Den kan ogs\u00e5 g\u00f8 for at lade dig vide, du efterlod et lys t\u00e6ndt, at der er&nbsp;en beskidt tallerken p\u00e5 k\u00f8kkenbordet, det er ti minutter over sengetid eller at du har glemt at give den sin efter-aftensmad godbid.<\/p>\n\n\n\n<p class=\"has-secondary-background-color has-background\">Mens du kan v\u00e6re i stand til at tr\u00e6ne din Corgi i at stoppe g\u00f8en p\u00e5 kommando, kan du aldrig stoppe den i at give den oprindelige advarsel. Dens job er at lade dig vide, at noget er anderledes og dit job er at se, om de ting der er anderledes, er farlige. Den vil ikke holde op med at g\u00f8 f\u00f8r du har unders\u00f8gt, hvad den har set eller h\u00f8rt, hvilket kan v\u00e6re fint ved frokosttid, men er ikke s\u00e5 sjovt kl. 03.00.<\/p>\n\n\n\n<p class=\"has-secondary-background-color has-background\">Corgien har ogs\u00e5 en tendens til at g\u00f8 n\u00e5r den leger. Som kv\u00e6g- og g\u00e5sehyrde, flyttede den flokken ved at nappe dem i benene og g\u00f8. Derfor g\u00f8r mange Corgier enten n\u00e5r tingene bev\u00e6ger sig, eller for at f\u00e5 tingene til at bev\u00e6ge sig. S\u00e5 de kan g\u00f8 ad en kastet tennisbold, g\u00f8 for at f\u00e5 dig til at smide Frisbeen, eller g\u00f8 n\u00e5r andre hunde l\u00f8ber. Denne type bev\u00e6gelsesaktiverets g\u00f8en kan v\u00e6re vanskelige at kontrollere og n\u00e6sten umuligt at fjerne.<\/p>\n\n\n\n<p class=\"has-secondary-background-color has-background\">Endelig er mange Corgier &#8220;snakkere&#8221;, der bruger en bred vifte af lyde til at udtrykke eventuelle meninger eller blot for at f\u00e5 din opm\u00e6rksomhed. Corgilyde kan omfatte alt fra lave woof, hvinen, brokkerier, korte hyl, til en r\u00e6kke klynkende grynt, som mange Corgi ejere k\u00e6rligt kalder &#8220;Wookie&#8221; eller &#8220;Chewbacca&#8221; lyde.<\/p>\n\n\n\n<p class=\"has-secondary-background-color has-background\">S\u00e5 derfor, hvis du ikke kan lide g\u00f8ende hunde, skal du ikke ha\u2019 en Corgi.<\/p>\n\n\n\n<p class=\"has-secondary-background-color has-background\"><em><strong>Napperi<\/strong><\/em>&nbsp;<em><strong>:<\/strong><\/em><\/p>\n\n\n\n<p class=\"has-secondary-background-color has-background\">Napperi forekommer i to kategorier. Den f\u00f8rste er napperi p\u00e5 benene. Dette kommer fra den baggrund Corgien har som hyrde. Denne adf\u00e6rd er let at stoppe i hvalpe stadiet (hvis du \u00f8nsker at deltage i hyrdearbejde med din Corgi, skal du kontakte en hyrdetr\u00e6ner f\u00f8r du tr\u00e6ner din Corgi hvalp i ikke at g\u00f8re det, da du kan fjerne hyrdetendensen helt, hvis du h\u00e5ndterer dette forkert.) N\u00e5r en Corgi har n\u00e5et voksenalderen og stadig napper, kan det v\u00e6re sv\u00e6rere at stoppe, men det kan g\u00f8res. F\u00f8r du f\u00e5r en Corgi hvalp, b\u00f8r du v\u00e6re forberedt p\u00e5 at h\u00e5ndtere denne adf\u00e6rd korrekt.<\/p>\n\n\n\n<p class=\"has-secondary-background-color has-background\">Den anden type af napperi er hvalpelege-bideri. N\u00e6sten alle hvalpe skal l\u00e6re, at det ikke er i orden at bide mennesker i leg. Hunde bider hinanden i leg og denne adf\u00e6rd er normal. Forskellen er, at i forhold til de fleste jagthunde og visse andre bl\u00f8d-mundede racer, bider mange Corgi hvalpe h\u00e5rdt. Denne type bideri er let nok at stoppe, hvis du er flittig og konsekvent, men&nbsp;hos nogle hvalpe kan&nbsp;adf\u00e6rden tage uger eller mere at eliminere. Hvis du har svagelige personer i dit hjem, folk der er bange for hunde eller sm\u00e5 b\u00f8rn, som du ikke er i stand til at holde&nbsp;v\u00e6k fra hvalpen i l\u00f8bet af denne tr\u00e6ning, er en Corgi hvalp m\u00e5ske ikke det rigtige valg for dig. En voksen hund eller \u00e6ldre hvalp kan v\u00e6re et bedre valg.<\/p>\n\n\n\n<p class=\"has-secondary-background-color has-background\"><em><strong>Corgi pels:<\/strong><\/em><\/p>\n\n\n\n<p class=\"has-secondary-background-color has-background\">Den vejrbestandige dobbelt pels har sin pris. Corgier f\u00e6lder meget. Jeg mener rigtig meget. De fleste hunde f\u00e6lder, men hunde med b\u00e5de d\u00e6kh\u00e5r og underuld, n\u00e6rmest bl\u00e6ser h\u00e5r af en til to gange om \u00e5ret, og Corgi underuld er meget t\u00e6t. Du kan se en lille fem centimeter lang tot, af d\u00f8de h\u00e5r stikke ud af din Corgi og give den et lille ryk, hvorefter du finde dig selv i besiddelse af en hel h\u00e5ndfuld, da l\u00f8s underuld udvider sig en hel del. N\u00e5r din Corgi f\u00e6lder, vil du kunne finde sm\u00e5 lodne bolde af h\u00e5r i hj\u00f8rner og under m\u00f8bler. Og p\u00e5 t\u00f8jet. Og i din mad. End ikke den vildeste b\u00f8rstning vil forhindre dette, fordi h\u00e5ret bare bliver ved med at komme indtil din hund ingen underuld har tilbage. Du vil undre dig over hvordan en hund kan miste s\u00e5 meget h\u00e5r og stadig have fuld pels p\u00e5 sin krop. Desuden kan et let h\u00e5rtab forventes \u00e5ret rundt.<\/p>\n\n\n\n<p class=\"has-secondary-background-color has-background\">Det andet problem er, at Corgipels er virkelig forbl\u00f8ffende til at afvise snavs. Vi f\u00e5r l\u00f8bende komplimenter om, hvor velplejede vores hunde er, men faktum er, at bortset fra n\u00e5r de f\u00e6lder, b\u00f8rster jeg dem kun en gang om ugen i m\u00e5ske tre minutter hver. De farvede dele af pelsen glimter og deres hvide dele er pletfri. De kan l\u00f8be gennem mudder og inden for ti minutter er der n\u00e6ppe en plet p\u00e5 dem, og det der m\u00e5tte v\u00e6re tilbage kan let b\u00f8rstes af. De har kun brug for et bad, hvis de ruller sig i noget der lugter.<\/p>\n\n\n\n<p class=\"has-secondary-background-color has-background\">Hvad er ulempen ved dette? Ulempen er at Corgi pels opfanger snavset et sted (udenfor) og deponerer det et andet sted (p\u00e5 dit gulv). N\u00e5r du kommer tilbage med din Corgi fra en g\u00e5tur, og den ligger sig p\u00e5 gulvet, for ti minutter senere at rejse sig, vil der v\u00e6re en bunke af&nbsp;fint sigtet snavs p\u00e5 gulvet, som kom fra hundens mave. Corgiens korte ben er et problem her. Corgi maver bliver altid v\u00e5de. Om sommeren bliver de v\u00e5de af dug. Om for\u00e5ret og efter\u00e5ret er det regn, og om vinteren er det af sne.<\/p>\n\n\n\n<p class=\"has-secondary-background-color has-background\">Hvis det at have et h\u00e5ndkl\u00e6de h\u00e6ngende n\u00e6r d\u00f8ren, hele \u00e5ret rundt er noget der ikke appellerer til dig, skal du ikke ha\u2019 en Corgi . Hvis et rent hus er vigtigt for dig, er der m\u00e5ske en anden race der passer dig bedre.<\/p>\n\n\n\n<p class=\"has-secondary-background-color has-background\"><em><strong>Energi niveau:<\/strong><\/em><\/p>\n\n\n\n<p class=\"has-secondary-background-color has-background\">Energi niveauet varierer meget mellem de enkelte Corgier. Alle har de brug for regelm\u00e6ssige g\u00e5ture og noget legetid samt tr\u00e6ning for at v\u00e6re glade. Mange Corgier har brug for meget mere end det. Nogle er n\u00e6sten umuligt at tr\u00e6tte, og unge Corgier (under 2) er ustoppelige. Den kan g\u00e5 en to-timers tur uden line, tage et tredive minutters powernap, for derefter at smide tennisbolde foran dig for at lege. Corgier som denne har behov for at l\u00e6re en slags &#8220;ro p\u00e5&#8221; eller &#8220;nu er det nok&#8221; kommando, ellers f\u00e5r du aldrig fred, og en hel del Corgier har brug for et job (agility, hyrde arbejde, lydighed p\u00e5 konkurrence niveau) for at v\u00e6re glade. Deres bossiness (se nedenfor) og tendens til at g\u00f8 (se ovenfor) kan g\u00f8re en Corgi med ubrugt energi meget sv\u00e6rt at leve med.<\/p>\n\n\n\n<p class=\"has-secondary-background-color has-background\">Min egen erfaring er med Cardigans og min forst\u00e5else er, at Cardigans kan v\u00e6re en lille smule mere afslappede i energi niveau end Pembrokes.<\/p>\n\n\n\n<p class=\"has-secondary-background-color has-background\"><em><strong>Behov for at v\u00e6re sammen med dig:<\/strong><\/em><\/p>\n\n\n\n<p class=\"has-secondary-background-color has-background\">Corgier i almindelighed er ikke tilb\u00f8jelige til at have separationsangst, n\u00e5r de er alene&nbsp;hjemme (enhver hund kan udvikle denne, men nogle racer er mere tilb\u00f8jelige til det end andre). Men n\u00e5r du er hjemme vil din Corgi gerne v\u00e6re sammen med dig. De fleste Corgier kan ikke lide at blive efterladt i en hundeg\u00e5rd alene. De vil f\u00f8lge dig rundt i huset og hj\u00e6lpe til n\u00e5r du laver mad, vasker t\u00f8j, og endda tager et brusebad, hvis du tillader det.<\/p>\n\n\n\n<p class=\"has-secondary-background-color has-background\">De kan heller ikke lide, hvis deres mennesker er spredt rundt i hele huset. De fleste Corgier \u00f8nsker at alle skal v\u00e6re p\u00e5 \u00e9t sted p\u00e5 \u00e9n gang, og kan opf\u00f8re sig nerv\u00f8st eller ulykkelig, hvis nogen er ovenp\u00e5 og andre nedenunder. Denne adf\u00e6rd er f\u00e6lles for mange hyrdehunde og intensiteten varierer fra individ til individ. Hvis din familie kan lide at tilbringe aftenerne spredt i forskellige rum, b\u00f8r du nok overveje en anden race.<\/p>\n\n\n\n<p class=\"has-secondary-background-color has-background\"><em><strong>Intelligens:<\/strong><\/em><\/p>\n\n\n\n<p class=\"has-secondary-background-color has-background\">Mennesker der siger, at de kan lide kloge hunde har aldrig ejet en! At have en Corgi betyder at du altid skal sikre dig at v\u00e6re et skridt foran hunden. De fleste Corgier l\u00e6rer nemt nye adf\u00e6rdsm\u00f8nstre, hvilket betyder, at det ikke vil v\u00e6re sv\u00e6rt at l\u00e6re dem ting som at sidde, bliv, og komme n\u00e5r der bliver kaldt. Det betyder ogs\u00e5, at hunden hurtigt vil l\u00e6re, at du ikke kan fange den, hvis den ikke er i snor og l\u00f8ber den anden vej. Den vil huske, at du har gemt hendes favorit leget\u00f8j i vaskek\u00e6lderen. Den vil ikke glemme, at sidste gang du lavede kylling, gav du et stykke, og vil derfor begynde at savle hver gang du laver kylling. Den kan l\u00e6re sammenh\u00e6nge du ikke \u00f8nsker den skal l\u00e6re, i hvilke situationer du insisterer p\u00e5 at den skal lystre, og i hvilke du ikke f\u00f8lger op.<\/p>\n\n\n\n<p class=\"has-secondary-background-color has-background\"><em><strong>Bossiness:<\/strong><\/em><\/p>\n\n\n\n<p class=\"has-secondary-background-color has-background\">Bossiness er ikke det samme som dominans. K\u00f8er og g\u00e6s er st\u00e6dige og kan v\u00e6re aggressive, en Corgi der tr\u00e6kker sig n\u00e5r den bliver konfronteret med disse, er en hund der ikke kan g\u00f8re sit arbejde. Selv underdanige, behagesyge Corgier kan undertiden v\u00e6re Bossy. Corgier kan svare igen, udvise &#8220;selektiv h\u00f8relse&#8221;, g\u00f8 for at f\u00e5 godbidder eller leg, puffe dig med n\u00e6se eller poter for at f\u00e5 dig til at bev\u00e6ge dig i en bestemt retning, eller for at k\u00e6le for dem p\u00e5 kommando. Corgier t\u00e5ler ikke h\u00e5rdh\u00e6ndet behandling, men de kr\u00e6ver en ejer der er konsekvent og ikke giver efter for alle deres krav.<\/p>\n\n\n\n<p class=\"has-secondary-background-color has-background\">Selv en underdanig Corgi kan blive en anmassende, herskesyg m\u00f8gunge hvis du ikke viser den, at du er en rolig og effektiv leder, der ikke lader hunden tage alle beslutninger. De af os der elsker Corgier finder dem indtagende og deres bossiness morsom. Nogen af de almindelige Corgi-Bossy adf\u00e6rds tr\u00e6k er, at plante poterne solidt i underlaget p\u00e5 g\u00e5turen og n\u00e6gte at flytte sig, hvis du v\u00e6lger en anden rute end den Corgien havde t\u00e6nkt sig; g\u00f8 uafladeligt for at kr\u00e6ve legetid eller&nbsp;puffe med snude og poter for at blive kl\u00f8et p\u00e5 maven.<\/p>\n\n\n\n<p class=\"has-secondary-background-color has-background\">Hvis det er vigtigt for dig, at din hund skal v\u00e6re lydig og \u00e6rb\u00f8dig det meste af tiden, skal du ikke ha\u2019 en Corgi.<\/p>\n\n\n\n<p class=\"has-secondary-background-color has-background\">Husk, at genetisk betinget raceadf\u00e6rd er vanskelig eller umulig at fjerne, og fysiske egenskaber kan ikke \u00e6ndres, s\u00e5 hvis du f\u00e5r en Corgi skal du kunne leve med disse ting resten af hundens liv. Corgier blev avlet til at v\u00e6re selvst\u00e6ndige probleml\u00f8sere, der kunne arbejde i timevis. Det er uretf\u00e6rdigt at eje en Corgi og ikke give den et sundt afl\u00f8b for denne form for energi.<\/p>\n\n\n\n<p class=\"has-secondary-background-color has-background\">Hvis du l\u00e6ste dette og t\u00e6nkte &#8220;Hvor sjovt! Det er lige hvad jeg leder efter !&#8221; S\u00e5 velkommen til den store skare af Corgielskere. Hvis ikke, s\u00e5 forts\u00e6t med at beundre dem p\u00e5 afstand og forts\u00e6t din s\u00f8gning, indtil du finder den race, der er perfekt for dig.<\/p>\n\n\n\n<p class=\"has-secondary-background-color has-background\">Original tekst fra&nbsp;<a href=\"http:\/\/mycorgi.com\/forum\/topics\/so-you-think-you-want-a-corgi\">myCorgi.com<\/a><\/p>\n\n\n\n<p class=\"has-secondary-background-color has-background\">Overs\u00e6ttelse: Henrik Skov,&nbsp;<a href=\"http:\/\/www.picture-it.dk\/\">www.picture-it.dk<\/a><\/p>\n","protected":false},"excerpt":{"rendered":"<p>Hvem kan modst\u00e5 en Corgi? Med dens r\u00e6veagtige ansigt, sm\u00e5 korte ben og lille runde bagdel er de da det mest nuttede, man kan forestille sig!! Ta\u2019 en bog eller bes\u00f8g en hjemmeside om hunderacer, og du vil opdage, at Corgien er klog, nem at tr\u00e6ne, og har en plejevenlig, smudsafvisende pels. Den er loyal&hellip; <a class=\"more-link\" href=\"https:\/\/amazingpaws.dk\/?page_id=68\">L\u00e6s mere <span class=\"screen-reader-text\">S\u00e5 du tror, at du vil have en corgi?!<\/span><\/a><\/p>\n","protected":false},"author":1,"featured_media":0,"parent":0,"menu_order":3,"comment_status":"closed","ping_status":"closed","template":"","meta":{"footnotes":""},"class_list":["post-68","page","type-page","status-publish","hentry","entry"],"_links":{"self":[{"href":"https:\/\/amazingpaws.dk\/index.php?rest_route=\/wp\/v2\/pages\/68","targetHints":{"allow":["GET"]}}],"collection":[{"href":"https:\/\/amazingpaws.dk\/index.php?rest_route=\/wp\/v2\/pages"}],"about":[{"href":"https:\/\/amazingpaws.dk\/index.php?rest_route=\/wp\/v2\/types\/page"}],"author":[{"embeddable":true,"href":"https:\/\/amazingpaws.dk\/index.php?rest_route=\/wp\/v2\/users\/1"}],"replies":[{"embeddable":true,"href":"https:\/\/amazingpaws.dk\/index.php?rest_route=%2Fwp%2Fv2%2Fcomments&post=68"}],"version-history":[{"count":3,"href":"https:\/\/amazingpaws.dk\/index.php?rest_route=\/wp\/v2\/pages\/68\/revisions"}],"predecessor-version":[{"id":82,"href":"https:\/\/amazingpaws.dk\/index.php?rest_route=\/wp\/v2\/pages\/68\/revisions\/82"}],"wp:attachment":[{"href":"https:\/\/amazingpaws.dk\/index.php?rest_route=%2Fwp%2Fv2%2Fmedia&parent=68"}],"curies":[{"name":"wp","href":"https:\/\/api.w.org\/{rel}","templated":true}]}}